{"id":31529,"date":"2017-02-06T16:45:24","date_gmt":"2017-02-06T16:45:24","guid":{"rendered":"http:\/\/www.stephenking.nl\/skfnieuw\/?page_id=31529"},"modified":"2017-02-06T16:45:32","modified_gmt":"2017-02-06T16:45:32","slug":"uittreksel-ogen-van-de-draak","status":"publish","type":"page","link":"https:\/\/www.stephenking.nl\/skfnieuw\/boeken\/uittreksels\/uittreksel-ogen-van-de-draak\/","title":{"rendered":"Uittreksel: Ogen van de Draak"},"content":{"rendered":"<p><strong><a href=\"http:\/\/www.stephenking.nl\/skfnieuw\/wp-content\/uploads\/bogenvandedraak_ls87.jpg\"><img loading=\"lazy\" decoding=\"async\" class=\"size-full wp-image-12921 alignleft\" src=\"http:\/\/www.stephenking.nl\/skfnieuw\/wp-content\/uploads\/bogenvandedraak_ls87.jpg\" alt=\"\" width=\"100\" height=\"150\" \/><\/a> Titel:<\/strong> Ogen van de Draak.<br \/>\n<strong>Originele titel:<\/strong> \u201cThe eyes of the dragon\u201d<br \/>\nDit verwijst naar de draak die koning Roland gedood heeft. Hij heeft het hoofd van de draak bij de rest van de trofee\u00ebn gehangen. Achter de draak is er een geheime gang en men kan door de ogen van de draak kijken, om zo de koning te bespioneren.<\/p>\n<p><strong>Kader:<\/strong><br \/>\nHet verhaal speelt zich af in de Middeleeuwen. De vertelde tijd is ongeveer vanaf de<br \/>\ndood van koning Roland, tot de offici\u00eble troonopvolging van zijn zoon Peter.<\/p>\n<p><strong>Hoofdpersonage:<\/strong><br \/>\nEr zijn eigenlijk twee hoofdpersonages. Namelijk Peter, de zoon van de koning,<br \/>\nen Flagg, de hofmagi\u00ebr. Peter is een zeer goede jongen, hij is heel verstandig<br \/>\nen hij zal later koning van Delain, het land, worden. Daartegenover staat Flagg, hij is de slechte in het verhaal. Met hem beginnen en eindigen alle problemen.<\/p>\n<p>Synopsis: Het verhaal begint met koning Roland, vanaf zijn dood. Flagg, de hofmagi\u00ebr,<br \/>\nwil eigenlijk aan het hoofd van het land geraken. Maar omdat hij ziet dat Peter niet te<br \/>\nbe\u00efnvloeden is, moet hij een manier vinden om hem uit te schakelen. Dit blijkt niet zo<br \/>\nsimpel te zijn. Maar Flagg is zeer vindingrijk, hij weet dat Peter zijn vader elke avond<br \/>\neen glas wijn brengt. Daar gaat hij gebruik van maken. Op een avond, nadat Peter net<br \/>\n<strong><a href=\"http:\/\/www.stephenking.nl\/skfnieuw\/wp-content\/uploads\/bogenvandedraak_ls08.jpg\"><img loading=\"lazy\" decoding=\"async\" class=\"size-full wp-image-12920 alignright\" src=\"http:\/\/www.stephenking.nl\/skfnieuw\/wp-content\/uploads\/bogenvandedraak_ls08.jpg\" alt=\"\" width=\"100\" height=\"150\" \/><\/a><\/strong>weg is, brengt hij de koning een nieuw glas, maar dit heeft hij vergiftigd. Alleen weet Flagg niet dat Thomas dit gezien heeft. Hiervan legt hij alle bewijzen in de kamer van Peter, zodat hij ervan wordt beschuldigd. En verbannen naar de hoogste toren voor de rest van zijn leven. Peter weet te ontsnappen en met behulp van zijn broer kan hij Flagg doden.<\/p>\n<p><strong>Persoonlijke leeservaring:<\/strong><\/p>\n<p>Het personage naar wie ik telkens weer uitkeek, was Flagg, de hofmagi\u00ebr. Hij is door en door slecht. Dat vond ik wel tof. Hij heeft ervoor gezorgd dat Peter voor de rest van zijn leven werd verbannen naar de hoogste toren van het kasteel. Alles wat hij doet is spannend. Bijvoorbeeld als hij op het einde van het verhaal, de toren komt ingestormd om Peter te vermoorden omdat hij te veel weet. En omdat hij probeert te ontsnappen. Dat was toch wel \u00e9\u00e9n van de spannendste momenten uit het verhaal. De reden dat hij Peter weg wilde, is dat hij zelf aan het hoofd van Delain wilt staan. Hij weet dat hij Peter niet kan be\u00efnvloeden, en Thomas wel. Hij wil dus Thomas aan het hoofd van Delain krijgen. Want wat Flagg met Delain van plan is, is niet goed, zeker niet voor de bevolking.<\/p>\n<p><strong><a href=\"http:\/\/www.stephenking.nl\/skfnieuw\/wp-content\/uploads\/bogenvandedraak_ls04.jpg\"><img loading=\"lazy\" decoding=\"async\" class=\"size-full wp-image-12919 alignleft\" src=\"http:\/\/www.stephenking.nl\/skfnieuw\/wp-content\/uploads\/bogenvandedraak_ls04.jpg\" alt=\"\" width=\"100\" height=\"150\" \/><\/a><\/strong>De schrijver heeft alles goed voorzien van details, dit is een zeer positief ding. \u00c9\u00e9n van de redenen dat ik Flagg verkies is dat ik zelf ook wel magi\u00ebr zou willen doen, als ik in die tijd zou leven. Ik heb me altijd al ge\u00efnteresseerd voor tovenaars en helden. Ook als ik klein was heb ik veel met ridders gespeeld. Ook tovenarij interesseert mij, ik geloof daar ook in, zoals ik in het buitenaards leven geloof.<\/p>\n<p>Een tweede reden waarom ik Flagg koos is omdat hij zo door en door slecht is. Dat boeit me wel. Zo leer je ook hoe iemand handelt als hij niets goed in zich heeft. Zo begrijp je ook hoe het kan dat iemand een ander levend wezen, mens of dier, kan vermoorden. Zomaar voor zijn eigen plezier. Nu kan ik dat beter begrijpen, maar dat wil nog niet zeggen dat ik het goedkeur.<\/p>\n<p><strong><a href=\"http:\/\/www.stephenking.nl\/skfnieuw\/wp-content\/uploads\/bogenvandedraak_p95.jpg\"><img loading=\"lazy\" decoding=\"async\" class=\"size-full wp-image-12924 alignright\" src=\"http:\/\/www.stephenking.nl\/skfnieuw\/wp-content\/uploads\/bogenvandedraak_p95.jpg\" alt=\"\" width=\"100\" height=\"150\" \/><\/a><\/strong>Het boek is een aanrader, zeker voor jongeren of volwassenen die van de Middeleeuwen houden. Het boek is voorzien van veel details, wat voor mij al een goed voorteken is. Op deze manier kan je jezelf beter inleven in de personages, wat voor karakter ze hebben en om hun handelingen beter te begrijpen. Dus als je dit boek begint te lezen, zorg dan maar dat je veel tijd hebt, want het kan heel moeilijk worden om op te houden met lezen.<\/p>\n","protected":false},"excerpt":{"rendered":"<p>Titel: Ogen van de Draak. Originele titel: \u201cThe eyes of the dragon\u201d Dit verwijst naar de draak die koning Roland gedood heeft. Hij heeft het hoofd van de draak bij de rest van de trofee\u00ebn gehangen. Achter de draak is<\/p>\n","protected":false},"author":1,"featured_media":0,"parent":27690,"menu_order":0,"comment_status":"closed","ping_status":"closed","template":"","meta":{"footnotes":""},"class_list":["post-31529","page","type-page","status-publish","hentry"],"_links":{"self":[{"href":"https:\/\/www.stephenking.nl\/skfnieuw\/wp-json\/wp\/v2\/pages\/31529","targetHints":{"allow":["GET"]}}],"collection":[{"href":"https:\/\/www.stephenking.nl\/skfnieuw\/wp-json\/wp\/v2\/pages"}],"about":[{"href":"https:\/\/www.stephenking.nl\/skfnieuw\/wp-json\/wp\/v2\/types\/page"}],"author":[{"embeddable":true,"href":"https:\/\/www.stephenking.nl\/skfnieuw\/wp-json\/wp\/v2\/users\/1"}],"replies":[{"embeddable":true,"href":"https:\/\/www.stephenking.nl\/skfnieuw\/wp-json\/wp\/v2\/comments?post=31529"}],"version-history":[{"count":2,"href":"https:\/\/www.stephenking.nl\/skfnieuw\/wp-json\/wp\/v2\/pages\/31529\/revisions"}],"predecessor-version":[{"id":31531,"href":"https:\/\/www.stephenking.nl\/skfnieuw\/wp-json\/wp\/v2\/pages\/31529\/revisions\/31531"}],"up":[{"embeddable":true,"href":"https:\/\/www.stephenking.nl\/skfnieuw\/wp-json\/wp\/v2\/pages\/27690"}],"wp:attachment":[{"href":"https:\/\/www.stephenking.nl\/skfnieuw\/wp-json\/wp\/v2\/media?parent=31529"}],"curies":[{"name":"wp","href":"https:\/\/api.w.org\/{rel}","templated":true}]}}