{"id":32417,"date":"2017-02-12T11:17:00","date_gmt":"2017-02-12T11:17:00","guid":{"rendered":"http:\/\/www.stephenking.nl\/skfnieuw\/?page_id=32417"},"modified":"2018-10-07T13:09:32","modified_gmt":"2018-10-07T13:09:32","slug":"boek-4seizoenen","status":"publish","type":"page","link":"https:\/\/www.stephenking.nl\/skfnieuw\/boeken\/boeken-op-titel\/boek-4seizoenen\/","title":{"rendered":"Boek | 4 Seizoenen"},"content":{"rendered":"<p><img loading=\"lazy\" decoding=\"async\" class=\"alignright wp-image-34597\" src=\"http:\/\/www.stephenking.nl\/skfnieuw\/wp-content\/uploads\/evierseizoenen.jpg\" alt=\"\" width=\"129\" height=\"200\" srcset=\"https:\/\/www.stephenking.nl\/skfnieuw\/wp-content\/uploads\/evierseizoenen.jpg 450w, https:\/\/www.stephenking.nl\/skfnieuw\/wp-content\/uploads\/evierseizoenen-150x233.jpg 150w\" sizes=\"auto, (max-width: 129px) 100vw, 129px\" \/>Welkom in de wereld van verschrikkingen! Alleen de meester van de horror Stephen King is in staat zijn miljoenen lezers mee te nemen naar een macabere wereld:<br \/>\n<em>De ontsnapping<\/em>:&#8230; Een man die ten onrechte tot levenslang wegens moord op zijn vrouw is veroordeeld wraak zoekt&#8230;<br \/>\n<em>De leerling<\/em>:&#8230; Een scholier ontdekt dat zijn plaatsgenoot een gezochte ex-nazi is en deze vervolgens flink onder druk zet&#8230;<br \/>\nIn <em>Het Lijk<\/em> leren vier jongens de waarde van echte vriendschap kennen&#8230;<br \/>\n<em>De ademhalingsmethode<\/em>:&#8230; Een alleenstaande hoogzwangere vrouw is van plan de techniek van een dokter die een speciale ademhalingsmethode heeft ontwikkeld, op te volgen en de dood te overwinnen&#8230;<br \/>\nStephen King is uw deskundige gids in deze wereld &#8211; en zijn vakmanschap dat hem maakt tot een van de meest fascinerende vertellers van deze tijd zal u in de ban houden tot de laatste bladzijde.<\/p>\n<p><span style=\"color: #ffcc99;\">Originele titel:<\/span> Different seasons<br \/>\n<span style=\"color: #ffcc99;\">Auteur(s):<\/span> Stephen King<br \/>\n<span style=\"color: #ffcc99;\">Jaartal eerste uitgave:<\/span> 1989<br \/>\n<span style=\"color: #ffcc99;\">Uitgebracht in Nederland als:<\/span> E-Book, paperback, pocket<br \/>\n<span style=\"color: #ffcc99;\">Verhalenbundel:<\/span> Ja<br \/>\n<span style=\"color: #ffcc99;\">Binnenschrift: <\/span>De ontsnapping: &#8216;Voor Russ en Florence Dorr&#8217; | De leerling: &#8216;Voor Elaine Koster en Herbert Schnall&#8217;<br \/>\n<span style=\"color: #ffcc99;\">Nominatie(s):<\/span> <a href=\"#nominaties4seizoenen\">Ja<\/a><br \/>\n<span style=\"color: #ffcc99;\">Verfilmd:<\/span> <a href=\"#nominaties4seizoenen\">Ja<\/a><\/p>\n<p><strong>Verhalentitels:<br \/>\n<\/strong>\u2022 De ontsnapping (Shawshank redemption)<span style=\"color: #ffcc99;\"> * 2 en * 6<\/span><br \/>\n\u2022 De leerling (Apt pupil) <span style=\"color: #ffcc99;\">* 2 en * 3<\/span><br \/>\n\u2022 Het lijk (The body) <span style=\"color: #ffcc99;\">* 4 en * 5<\/span><br \/>\n\u2022 De ademhalingsmethode (The breathing method) <span style=\"color: #ffcc99;\">* 1, * 4 en * 5<\/span><\/p>\n<p><strong>Hieronder de boeken en of bundels waarin deze titels ook zijn verschenen:<\/strong><br \/>\n<span style=\"color: #ffcc99;\">* 1:<\/span> <a href=\"http:\/\/www.stephenking.nl\/skfnieuw\/boeken\/boeken-op-titel\/boek-ademhalingsmethode\/\">De ademhalingsmethode<\/a><br \/>\n<span style=\"color: #ffcc99;\">* 2:<\/span> <a href=\"http:\/\/www.stephenking.nl\/skfnieuw\/boeken\/boeken-op-titel\/boek-de-ontsnapping\/\">De ontsnapping &#8211; de leerling<\/a><br \/>\n<span style=\"color: #ffcc99;\">* 3:<\/span> <a href=\"http:\/\/www.stephenking.nl\/skfnieuw\/boeken\/boeken-op-titel\/boek-de-leerling\/\">De leerling<\/a><br \/>\n<span style=\"color: #ffcc99;\">* 4:<\/span> <a href=\"http:\/\/www.stephenking.nl\/skfnieuw\/boeken\/boeken-op-titel\/boek-het-lijk\/\">Het lijk &#8211; de ademhalingsmethode<\/a><br \/>\n<span style=\"color: #ffcc99;\">* 5:<\/span><a href=\"http:\/\/www.stephenking.nl\/skfnieuw\/boeken\/boeken-op-titel\/boek-ik-weet-wat-je-wilt\/\"> Ik weet wat je wilt<\/a><br \/>\n<span style=\"color: #ffcc99;\">* 6:<\/span> <a href=\"http:\/\/www.stephenking.nl\/skfnieuw\/boeken\/boeken-op-titel\/boek-the-shawshank-redemption\/\">The Shawshank redemption<\/a><\/p>\n<p>Een door King geschreven toelichting op de verfilming van De shawshank redemption vind je in <em>King goes to the movies<\/em>.<\/p>\n<hr \/>\n<p><strong>Het boek\/verhaal is uitgegeven met de volgende covers:<br \/>\n<\/strong><em>(Klik op de afbeeldingen voor de volledige cover)<\/em><\/p>\n<table border=\"0\" width=\"100%\" cellspacing=\"0\" cellpadding=\"0\">\n<colgroup>\n<col span=\"5\" width=\"64\" \/><\/colgroup>\n<tbody>\n<tr>\n<td style=\"text-align: center;\" height=\"20\"><a href=\"http:\/\/www.stephenking.nl\/skfnieuw\/wp-content\/uploads\/b4seizoenen_v89Rfc.jpg\"><img loading=\"lazy\" decoding=\"async\" class=\"alignnone wp-image-12607 size-full\" src=\"http:\/\/www.stephenking.nl\/skfnieuw\/wp-content\/uploads\/b4seizoenen_v89R.jpg\" width=\"97\" height=\"150\" \/><\/a><\/td>\n<td style=\"text-align: center;\"><a href=\"https:\/\/www.stephenking.nl\/skfnieuw\/wp-content\/uploads\/b4seizoenen_ls89Gfc.jpg\"><img loading=\"lazy\" decoding=\"async\" class=\"alignnone wp-image-13180 size-full\" src=\"http:\/\/www.stephenking.nl\/skfnieuw\/wp-content\/uploads\/b4seizoenen_ls89.jpg\" alt=\"\" width=\"97\" height=\"150\" \/><\/a><\/td>\n<td style=\"text-align: center;\"><a href=\"http:\/\/www.stephenking.nl\/skfnieuw\/wp-content\/uploads\/b4seizoenen_ls95Sfc.jpg\"><img loading=\"lazy\" decoding=\"async\" class=\"alignnone wp-image-13184 size-full\" src=\"http:\/\/www.stephenking.nl\/skfnieuw\/wp-content\/uploads\/b4seizoenen_ls94S.jpg\" width=\"95\" height=\"150\" \/><\/a><\/td>\n<td style=\"text-align: center;\"><a href=\"http:\/\/www.stephenking.nl\/skfnieuw\/wp-content\/uploads\/b4seizoenen_ls94Lfc.jpg\"><img loading=\"lazy\" decoding=\"async\" class=\"alignnone wp-image-13182 size-full\" src=\"http:\/\/www.stephenking.nl\/skfnieuw\/wp-content\/uploads\/b4seizoenen_ls94L.jpg\" width=\"95\" height=\"150\" \/><\/a><\/td>\n<td style=\"text-align: center;\"><a href=\"http:\/\/www.stephenking.nl\/skfnieuw\/wp-content\/uploads\/b4seizoenen_ls05fc.jpg\"><img loading=\"lazy\" decoding=\"async\" class=\"alignnone wp-image-13178 size-full\" src=\"http:\/\/www.stephenking.nl\/skfnieuw\/wp-content\/uploads\/b4seizoenen_ls05.jpg\" width=\"95\" height=\"150\" \/><\/a><\/td>\n<\/tr>\n<tr>\n<td style=\"text-align: center;\" height=\"20\">&#8211;<br \/>\n90-245-1599-8<br \/>\nPaperback<br \/>\nLuitingh buitenkant,<br \/>\nVeen op titelblad<br \/>\n1e druk &#8211; 1989<\/td>\n<td style=\"text-align: center;\">&#8211;<br \/>\n90-245-1599-8<br \/>\nPaperback<br \/>\nLuitingh-Sijthoff<br \/>\n2e druk &#8211; 1993<\/td>\n<td style=\"text-align: center;\">&#8211;<br \/>\n90-245-2298-6<br \/>\nPoema<br \/>\nLuitingh-Sijthoff<br \/>\n1e druk &#8211; 1995<\/td>\n<td style=\"text-align: center;\">&#8211;<br \/>\n90-245-2298-6<br \/>\nPoema<br \/>\nLuitingh-Sijthoff<br \/>\n4e druk &#8211; 1999<\/td>\n<td style=\"text-align: center;\">90-245-5207-9<br \/>\n978-90-245-5207-8<br \/>\nPoema<br \/>\nLuitingh-Sijthoff<br \/>\n8e druk &#8211; 2005<\/td>\n<\/tr>\n<tr>\n<td style=\"text-align: center;\" height=\"20\"><a href=\"http:\/\/www.stephenking.nl\/skfnieuw\/wp-content\/uploads\/bshawshankredemption_ls07fc.jpg\"><img loading=\"lazy\" decoding=\"async\" class=\"alignnone wp-image-12997 size-full\" src=\"http:\/\/www.stephenking.nl\/skfnieuw\/wp-content\/uploads\/bshawshankredemption_ls07.jpg\" width=\"94\" height=\"150\" \/><\/a><\/td>\n<td style=\"text-align: center;\"><img loading=\"lazy\" decoding=\"async\" class=\"alignnone wp-image-34597\" src=\"http:\/\/www.stephenking.nl\/skfnieuw\/wp-content\/uploads\/evierseizoenen.jpg\" alt=\"\" width=\"96\" height=\"150\" srcset=\"https:\/\/www.stephenking.nl\/skfnieuw\/wp-content\/uploads\/evierseizoenen.jpg 450w, https:\/\/www.stephenking.nl\/skfnieuw\/wp-content\/uploads\/evierseizoenen-150x233.jpg 150w\" sizes=\"auto, (max-width: 96px) 100vw, 96px\" \/><\/td>\n<td style=\"text-align: center;\"><a href=\"http:\/\/www.stephenking.nl\/skfnieuw\/wp-content\/uploads\/b4seizoenen_ls17podfc.jpg\"><img loading=\"lazy\" decoding=\"async\" class=\"alignnone wp-image-34597\" src=\"http:\/\/www.stephenking.nl\/skfnieuw\/wp-content\/uploads\/evierseizoenen.jpg\" alt=\"\" width=\"96\" height=\"150\" srcset=\"https:\/\/www.stephenking.nl\/skfnieuw\/wp-content\/uploads\/evierseizoenen.jpg 450w, https:\/\/www.stephenking.nl\/skfnieuw\/wp-content\/uploads\/evierseizoenen-150x233.jpg 150w\" sizes=\"auto, (max-width: 96px) 100vw, 96px\" \/><\/a><\/td>\n<td style=\"text-align: center;\"><img loading=\"lazy\" decoding=\"async\" class=\"alignnone size-full wp-image-33312\" src=\"http:\/\/www.stephenking.nl\/skfnieuw\/wp-content\/uploads\/grijsboekvlakje-1.jpg\" alt=\"\" width=\"100\" height=\"150\" \/><\/td>\n<td style=\"text-align: center;\"><img loading=\"lazy\" decoding=\"async\" class=\"alignnone size-full wp-image-33312\" src=\"http:\/\/www.stephenking.nl\/skfnieuw\/wp-content\/uploads\/grijsboekvlakje-1.jpg\" alt=\"\" width=\"100\" height=\"150\" \/><\/td>\n<\/tr>\n<tr>\n<td style=\"text-align: center;\" height=\"20\">978-90-210-0162-3<br \/>\nPoema<br \/>\nLuitingh-Sijthoff<br \/>\n9e druk &#8211; 2007<\/td>\n<td style=\"text-align: center;\">978-90-245-7599-2<br \/>\nE-Book<br \/>\nLuitingh-Sijthoff<br \/>\n2017<\/td>\n<td style=\"text-align: center;\">978-90-245-7824-5<br \/>\nPaperback<br \/>\nLuitingh-Sijthoff<br \/>\n2017<\/td>\n<td style=\"text-align: center;\"><\/td>\n<td style=\"text-align: center;\"><\/td>\n<\/tr>\n<\/tbody>\n<\/table>\n<p><strong>De boeken of tijdschriften waarin verhalen uit dit boek zijn uitgegeven hebben de volgende covers:<\/strong><\/p>\n<table border=\"0\" width=\"100%\" cellspacing=\"0\" cellpadding=\"0\">\n<colgroup>\n<col span=\"5\" width=\"64\" \/><\/colgroup>\n<tbody>\n<tr>\n<td style=\"text-align: center;\" height=\"20\"><a href=\"http:\/\/www.stephenking.nl\/skfnieuw\/wp-content\/uploads\/bontsnapping_ls91fc.jpg\"><img loading=\"lazy\" decoding=\"async\" class=\"alignnone wp-image-12931 size-full\" src=\"http:\/\/www.stephenking.nl\/skfnieuw\/wp-content\/uploads\/bontsnapping_ls91.jpg\" alt=\"\" width=\"95\" height=\"150\" \/><\/a><\/td>\n<td style=\"text-align: center;\"><a href=\"http:\/\/www.stephenking.nl\/skfnieuw\/wp-content\/uploads\/bleerling_v84fc.jpg\"><img loading=\"lazy\" decoding=\"async\" class=\"alignnone wp-image-12856 size-full\" src=\"http:\/\/www.stephenking.nl\/skfnieuw\/wp-content\/uploads\/bleerling_ls84.jpg\" width=\"92\" height=\"150\" \/><\/a><\/td>\n<td style=\"text-align: center;\"><a href=\"http:\/\/www.stephenking.nl\/skfnieuw\/wp-content\/uploads\/bleerling_ls84fc.jpg\"><img loading=\"lazy\" decoding=\"async\" class=\"alignnone wp-image-12856 size-full\" src=\"http:\/\/www.stephenking.nl\/skfnieuw\/wp-content\/uploads\/bleerling_ls84.jpg\" width=\"92\" height=\"150\" \/><\/a><\/td>\n<td style=\"text-align: center;\"><a href=\"http:\/\/www.stephenking.nl\/skfnieuw\/wp-content\/uploads\/bleerling_v87fc.jpg\"><img loading=\"lazy\" decoding=\"async\" class=\"alignnone wp-image-12858 size-full\" src=\"http:\/\/www.stephenking.nl\/skfnieuw\/wp-content\/uploads\/bleerling_v87.jpg\" width=\"94\" height=\"150\" \/><\/a><\/td>\n<td style=\"text-align: center;\"><a href=\"https:\/\/www.stephenking.nl\/skfnieuw\/wp-content\/uploads\/blijk_ls91fc.jpg\"><img loading=\"lazy\" decoding=\"async\" class=\"alignnone wp-image-38640 size-full\" src=\"https:\/\/www.stephenking.nl\/skfnieuw\/wp-content\/uploads\/blijk_ls91-2.jpg\" alt=\"\" width=\"95\" height=\"150\" \/><\/a><\/td>\n<\/tr>\n<tr>\n<td style=\"text-align: center;\" height=\"20\">90-245-1518-1<br \/>\nPocket<br \/>\nLuitingh-Sijthoff<br \/>\n1e druk &#8211; 1991<\/td>\n<td style=\"text-align: center;\">90-204-3741-0<br \/>\nPaperback<br \/>\nVeen, rug: V<br \/>\n1e druk &#8211; 1984<\/td>\n<td style=\"text-align: center;\">90-245-1572-6<br \/>\nPaperback<br \/>\nVeen, rug: L<br \/>\n4e druk &#8211; 1986<\/td>\n<td style=\"text-align: center;\">90-245-1832-6<br \/>\nZwarte Pocket<br \/>\nLuitingh buitenkant, Veen op titelblad<br \/>\n1e druk &#8211; 1987<\/td>\n<td style=\"text-align: center;\">90-245-1528-9<br \/>\nPocket<br \/>\nLuitingh-Sijthoff<br \/>\n1e druk &#8211; 1991<\/td>\n<\/tr>\n<tr>\n<td style=\"text-align: center;\" height=\"20\"><a href=\"http:\/\/www.stephenking.nl\/skfnieuw\/wp-content\/uploads\/bademhalingsmethode_v88fc.jpg\"><img loading=\"lazy\" decoding=\"async\" class=\"alignnone wp-image-12634 size-full\" src=\"http:\/\/www.stephenking.nl\/skfnieuw\/wp-content\/uploads\/bademhalingsmethode_v88.jpg\" width=\"94\" height=\"150\" \/><\/a><\/td>\n<td style=\"text-align: center;\"><a href=\"http:\/\/www.stephenking.nl\/skfnieuw\/wp-content\/uploads\/bikweetwatjewilt_v85Lfc.jpg\"><img loading=\"lazy\" decoding=\"async\" class=\"alignnone wp-image-12842 size-full\" src=\"http:\/\/www.stephenking.nl\/skfnieuw\/wp-content\/uploads\/bikweetwatjewilt_v85.jpg\" width=\"92\" height=\"150\" \/><\/a><\/td>\n<td style=\"text-align: center;\"><a href=\"http:\/\/www.stephenking.nl\/skfnieuw\/wp-content\/uploads\/bikweetwatjewilt_v85Lfc.jpg\"><img loading=\"lazy\" decoding=\"async\" class=\"alignnone wp-image-12842 size-full\" src=\"http:\/\/www.stephenking.nl\/skfnieuw\/wp-content\/uploads\/bikweetwatjewilt_v85.jpg\" width=\"92\" height=\"150\" \/><\/a><\/td>\n<td style=\"text-align: center;\"><img loading=\"lazy\" decoding=\"async\" class=\"alignnone size-full wp-image-33312\" src=\"http:\/\/www.stephenking.nl\/skfnieuw\/wp-content\/uploads\/grijsboekvlakje-1.jpg\" alt=\"\" width=\"100\" height=\"150\" \/><\/td>\n<td style=\"text-align: center;\"><img loading=\"lazy\" decoding=\"async\" class=\"alignnone size-full wp-image-33312\" src=\"http:\/\/www.stephenking.nl\/skfnieuw\/wp-content\/uploads\/grijsboekvlakje-1.jpg\" alt=\"\" width=\"100\" height=\"150\" \/><\/td>\n<\/tr>\n<tr>\n<td style=\"text-align: center;\" height=\"20\">90-245-1852-0<br \/>\nZwarte Pocket<br \/>\nLuitingh buitenkant, Veen op titelblad<br \/>\n2e druk &#8211; 1988<\/td>\n<td style=\"text-align: center;\">90-245-1398-7<br \/>\nPaperback<br \/>\nLuitingh buitenkant, Veen op titelblad<br \/>\n1e druk &#8211; 1985<\/td>\n<td style=\"text-align: center;\">90-245-1398-7<br \/>\nPaperback<br \/>\nLuitingh buitenkant, Veen op titelblad<br \/>\n3e druk &#8211; 1986<\/td>\n<td style=\"text-align: center;\"><\/td>\n<td style=\"text-align: center;\"><\/td>\n<\/tr>\n<\/tbody>\n<\/table>\n<p><strong>Informatie over diverse uitgaven:<\/strong><\/p>\n<p>De paperback met de groene letters (2e druk) heeft zowel vermelding van een 2e druk als van een 18e druk in het overzichtje met informatie, voorin in het boek.<br \/>\nDe pocket 4 Seizoenen is uitgegeven met twee verschillende subtitels: een met &#8220;Shawshank Redemption&#8221; en een met &#8220;de Leerling&#8221; in witte letters aan de onderzijde van de cover. In 2007 kwam er een versie met de titel &#8216;The shawshank redemption&#8217; en ondertitel &#8216;4 seizoenen&#8217;.<\/p>\n<hr \/>\n<p><strong>Het begin van het verhaal gaat als volgt:<br \/>\n<\/strong><span style=\"color: #ffcc99;\"><em>De ontsnapping<\/em><\/span><br \/>\nIn elke gevangenis in Amerika zit wel zo iemand als ik, denk ik, &#8211; ik ben de man die iets voor je kan regelen. Dure sigaretten, een zakje stuff, als je daarvan houdt, een fles cognac om het eindexamen van je zoon of dochter te vieren, bijna alles eigenlijk&#8230; binnen redelijke grenzen natuurlijk. Dat is niet altijd zo geweest.<br \/>\nIk kwam in Shawshank toen ik bijna twintig was, en ik ben een van de weinigen in onze knusse gemeenschap hier die bereid is toe te geven wat hij gedaan heeft. Ik heb een moord gepleegd. Ik heb een hoge levensverzekering afgesloten op mijn vrouw, die drie jaar ouder was dan ik, en vervolgens deed ik iets aan de remmen van de Chevrolet-coup\u00e9 die haar vader ons voor ons huwelijk cadeau had gedaan. Het resultaat was precies waar ik op had gerekend, alleen had ik er niet op gerekend dat zij onderweg zou stoppen om de buurvrouw en het zoontje van de buurvrouw een lift te geven, de heuvel af en de stad in. De remmen begaven het en de auto schoot dwars door de bosjes rondom het stadsplein en ging steeds harder rijden.<\/p>\n<p><em><span style=\"color: #ffcc99;\">De leerling<\/span><\/em><br \/>\nHij zag eruit als een typische Amerikaanse jongen, zoals hij op zijn fiets met het hoge stuur door de straat van een buitenwijk fietste, en dat was hij ook: Todd Bowden, dertien jaar oud, een meter drie\u00ebnzeventig lang, gewicht een gezonde drie\u00ebnzestig kilo, haar met de kleur van rijpe ma\u00efs, blauwe ogen, gelijkmatige witte tanden, een licht gebruinde huid die nog niet eens werd ontsierd door de eerste schaduw van jeugdpuistjes. Hij glimlachte &#8211; een zomervakantieglimlach &#8211; terwijl hij, niet ver van zijn eigen huis, door de zon en de schaduw fietste. Hij zag eruit als het soort jongen dat een krantenwijkje zou kunnen hebben, en dat had hij dan ook &#8211; hij bezorgde de Santo Donato Clarion. Hij zag er ook uit als het soort jongen dat wenskaarten verkoopt om premies te krijgen en ook dat had hij gedaan. Het waren wenskaarten met je naam erop gedrukt &#8211; &#8216;Jack en Mary Burke&#8217;, of &#8216;Don en Sally&#8217;, of &#8216;de familie Murchison&#8217;. Hij zag eruit als het soort jongen dat fluit onder het werk, en dat deed hij ook vaak. Hij kon trouwens heel aardig fluiten.<\/p>\n<p><em><span style=\"color: #ffcc99;\">Het lijk<\/span><\/em><br \/>\nDe belangrijkste dingen zijn het moeilijkst om te zeggen. Het zijn de dingen waarvoor je je schaamt, omdat woorden ze kleiner maken &#8211; woorden doen dingen die onbegrensd leken toen ze in je hoofd zaten, inkrimpen tot niets meer dan levensgroot als ze worden uitgesproken. Maar het is nog iets anders ook, geloof ik. De belangrijkste dingen liggen te dicht bij de plek waar je geheime hart begraven is, het zijn wegwijzers naar de schat die je vijanden graag zouden komen stelen. Bovendien kan het gebeuren dat je met veel pijn een onthulling doet, alleen om te merken dat de mensen je raar aankijken en helemaal niet begrepen hebben wat je zei, of waarom je het zelf zo belangrijk vond dat je bijna moest huilen toen je het zei. Dat is nog het ergste, denk ik. Wanneer het geheim binnenin opgesloten blijft. Ik was twaalf, bijna dertien, toen ik voor het eerst een dood mens zag. Het gebeurde in 1960, lang geleden&#8230; hoewel het me soms niet eens zo lang lijkt. Vooral niet in nachten waarin ik wakker word uit de droom waarin de hagel in zijn open ogen valt.<\/p>\n<p><span style=\"color: #ffcc99;\"><em>De ademhalingsmethode<\/em><\/span><br \/>\nIk kleedde me op die avond iets haastiger aan dan gewoonlijk, dat geef ik toe &#8211; het sneeuwde, het waaide, het was bitter koud. Het was 23 december 197-, en ik vermoed dat er andere leden van de club waren die hetzelfde deden. Het is maar al te goed bekend dat het in New York op stormachtige avonden moeilijk is om aan een taxi te komen, dus ik bestelde van tevoren een taxi. Ik deed dit om half zes, terwijl ik om acht uur gehaald wilde worden &#8211; mijn vrouw trok haar wenkbrauwen op maar zei niets. Ik stond al om kwart voor acht onder de kap van het flatgebouw aan East-Fifty-eight Street, waar Ellen en ik sinds 1946 hadden gewoond, en toen de taxi vijf te laat was, merkte ik dat ik ongeduldig heen en weer stapte.<\/p>\n<hr \/>\n<p><strong><a id=\"nominaties4seizoenen\"><\/a>Overige informatie:<br \/>\n<\/strong>Voor Kings Things lezers zijn verschillende uitgaven van 4 seizoenen besproken in de rubriek <a href=\"http:\/\/www.stephenking.nl\/skfnieuw\/kings-things\/uitgelicht\/\">&#8216;Uitgelicht&#8217;.<\/a><\/p>\n<p><strong>Nominaties:<\/strong><br \/>\n\u2022 De ademhalingsmethode: Nominatie voor Best Collection bij World Fantasy 1983<\/p>\n<p><strong>Verfilmd:<\/strong><br \/>\n\u2022 <a href=\"http:\/\/www.stephenking.nl\/skfnieuw\/films\/film-overzicht\/film-standbyme\/\"><em>Stand by me<\/em><\/a><br \/>\n\u2022 <a href=\"http:\/\/www.stephenking.nl\/skfnieuw\/films\/film-overzicht\/film-shawshankredemption\/\"><em>The Shawshank Redemption<\/em><\/a><br \/>\n\u2022 <a href=\"http:\/\/www.stephenking.nl\/skfnieuw\/films\/film-overzicht\/film-aptpupil\/\"><em>Apt Pupil<\/em>\u00a0<\/a><\/p>\n","protected":false},"excerpt":{"rendered":"<p>Welkom in de wereld van verschrikkingen! Alleen de meester van de horror Stephen King is in staat zijn miljoenen lezers mee te nemen naar een macabere wereld: De ontsnapping:&#8230; Een man die ten onrechte tot levenslang wegens moord op zijn<\/p>\n","protected":false},"author":3,"featured_media":0,"parent":4080,"menu_order":0,"comment_status":"closed","ping_status":"closed","template":"","meta":{"footnotes":""},"class_list":["post-32417","page","type-page","status-publish","hentry"],"_links":{"self":[{"href":"https:\/\/www.stephenking.nl\/skfnieuw\/wp-json\/wp\/v2\/pages\/32417","targetHints":{"allow":["GET"]}}],"collection":[{"href":"https:\/\/www.stephenking.nl\/skfnieuw\/wp-json\/wp\/v2\/pages"}],"about":[{"href":"https:\/\/www.stephenking.nl\/skfnieuw\/wp-json\/wp\/v2\/types\/page"}],"author":[{"embeddable":true,"href":"https:\/\/www.stephenking.nl\/skfnieuw\/wp-json\/wp\/v2\/users\/3"}],"replies":[{"embeddable":true,"href":"https:\/\/www.stephenking.nl\/skfnieuw\/wp-json\/wp\/v2\/comments?post=32417"}],"version-history":[{"count":75,"href":"https:\/\/www.stephenking.nl\/skfnieuw\/wp-json\/wp\/v2\/pages\/32417\/revisions"}],"predecessor-version":[{"id":42562,"href":"https:\/\/www.stephenking.nl\/skfnieuw\/wp-json\/wp\/v2\/pages\/32417\/revisions\/42562"}],"up":[{"embeddable":true,"href":"https:\/\/www.stephenking.nl\/skfnieuw\/wp-json\/wp\/v2\/pages\/4080"}],"wp:attachment":[{"href":"https:\/\/www.stephenking.nl\/skfnieuw\/wp-json\/wp\/v2\/media?parent=32417"}],"curies":[{"name":"wp","href":"https:\/\/api.w.org\/{rel}","templated":true}]}}