{"id":35598,"date":"2017-07-03T20:30:54","date_gmt":"2017-07-03T20:30:54","guid":{"rendered":"http:\/\/www.stephenking.nl\/skfnieuw\/?page_id=35598"},"modified":"2017-08-31T12:04:54","modified_gmt":"2017-08-31T12:04:54","slug":"boek-king-goes-to-the-movies","status":"publish","type":"page","link":"https:\/\/www.stephenking.nl\/skfnieuw\/boeken\/boeken-op-titel\/boek-king-goes-to-the-movies\/","title":{"rendered":"Boek | King goes to the movies"},"content":{"rendered":"<p><img loading=\"lazy\" decoding=\"async\" class=\"alignright wp-image-12853\" src=\"http:\/\/www.stephenking.nl\/skfnieuw\/wp-content\/uploads\/bkinggoestothemovies_ls09.jpg\" alt=\"\" width=\"133\" height=\"200\" \/>In King Goes to the Movies werpt Stephen King een nieuw licht op zijn vijf favoriete verfilmingen: The Shawshank redemption (De ontsnapping), 1408, Children of the Corn (Satanskinderen), The Mangler (De mangel) en Hearts in Atlantis (Harten in\u00a0 Atlantis).\u00a0 Kings verfilmde verhalen blijven verbazen en verbijsteren.<\/p>\n<p><span style=\"color: #ffcc99;\">Originele titel:<\/span> King goes to the movies<br \/>\n<span style=\"color: #ffcc99;\">Auteur(s):<\/span> Stephen King<br \/>\n<span style=\"color: #ffcc99;\">Jaartal eerste uitgave:<\/span> 2009<br \/>\n<span style=\"color: #ffcc99;\">Uitgebracht in Nederland als:<\/span> Paperback<br \/>\n<span style=\"color: #ffcc99;\">Verhalenbundel:<\/span> Ja, maar met extra toelichtingen<br \/>\n<span style=\"color: #ffcc99;\">Binnenschrift:<\/span> \u2018Voor Frank Darabont, die al mijn dromen waarmaakte.\u2019<br \/>\n<span style=\"color: #ffcc99;\">Nominatie(s):<\/span> Nee<br \/>\n<span style=\"color: #ffcc99;\">Verfilmd:<\/span> <a href=\"#nominaties\">Ja<\/a><\/p>\n<p><strong>Hieronder de boeken en\/of bundels waarin deze titels ook zijn verschenen:<\/strong><strong><br \/>\n<\/strong>\u2022 The Shawshank redemption &#8211; De ontsnapping <span style=\"color: #ffcc99;\">* 1<\/span><br \/>\n\u2022 1408 <span style=\"color: #ffcc99;\">*2<\/span><br \/>\n\u2022 Children of the corn<span style=\"color: #ffcc99;\"> *3<\/span><br \/>\n\u2022 The mangler <span style=\"color: #ffcc99;\">*3<\/span><br \/>\n\u2022 Low man in yellow coats <span style=\"color: #ffcc99;\">*4<\/span><\/p>\n<p><span style=\"color: #ffcc99; font-size: 12pt;\">* 1:<\/span> <a href=\"http:\/\/www.stephenking.nl\/skfnieuw\/boeken\/boeken-op-titel\/boek-the-shawshank-redemption\/\">The Shawshank Redemption<\/a><br \/>\n<span style=\"color: #ffcc99;\">* 2:<\/span>\u2009<a href=\"http:\/\/www.stephenking.nl\/skfnieuw\/boeken\/boeken-op-titel\/boek-1408\/\">1408<\/a><br \/>\n<span style=\"color: #ffcc99;\">* 3:<\/span> <a href=\"http:\/\/www.stephenking.nl\/skfnieuw\/boeken\/boeken-op-titel\/boek-de-satanskinderen-verhalenbundel\/\">De Satanskinderen<\/a><br \/>\n<span style=\"color: #ffcc99;\">* 4:<\/span> <a href=\"http:\/\/www.stephenking.nl\/skfnieuw\/boeken\/boeken-op-titel\/boek-harten-in-atlantis\/\">Harten in Atlantis<\/a><\/p>\n<hr \/>\n<p><strong>Het boek\/verhaal is uitgegeven met de volgende covers:<br \/>\n<\/strong><em>(Klik op de afbeeldingen voor de volledige cover)<\/em><strong><br \/>\n<\/strong><\/p>\n<table style=\"width: 143.117px;\">\n<tbody>\n<tr>\n<td style=\"text-align: center; width: 99.1167px;\"><a href=\"http:\/\/www.stephenking.nl\/skfnieuw\/wp-content\/uploads\/bkinggoestothemovies_ls09fc.jpg\"><img loading=\"lazy\" decoding=\"async\" class=\"alignnone wp-image-12853 size-full\" src=\"http:\/\/www.stephenking.nl\/skfnieuw\/wp-content\/uploads\/bkinggoestothemovies_ls09.jpg\" alt=\"\" width=\"100\" height=\"150\" \/><\/a><\/td>\n<\/tr>\n<tr>\n<td style=\"text-align: center; width: 99.1167px;\">978-90-245-3037-3<br \/>\nPaperback<br \/>\nLuitingh<br \/>\n1e druk &#8211; 2009<\/td>\n<\/tr>\n<\/tbody>\n<\/table>\n<p><strong>Informatie over diverse uitgaven:<\/strong><br \/>\n&#8211;<strong><br \/>\n<\/strong><\/p>\n<hr \/>\n<p><strong>Korte inhoud informatie:<\/strong><br \/>\n<span style=\"color: #ffcc99;\">The Shawshank redemption &#8211; <i>De ontsnapping<\/i><\/span><br \/>\nIn elke gevangenis in Amerika zit wel zo iemand als ik, denk ik, &#8211; ik ben de man die iets voor je kan regelen. Dure sigaretten, een zakje stuff, als je daarvan houdt, een fles cognac om het eindexamen van je zoon of dochter te vieren, bijna alles eigenlijk&#8230; binnen redelijke grenzen natuurlijk. Dat is niet altijd zo geweest.<br \/>\nIk kwam in Shawshank toen ik bijna twintig was, en ik ben een van de weinigen in onze knusse gemeenschap hier die bereid is toe te geven wat hij gedaan heeft. Ik heb een moord gepleegd. Ik heb een hoge levensverzekering afgesloten op mijn vrouw, die drie jaar ouder was dan ik, en vervolgens deed ik iets aan de remmen van de Chevrolet-coup\u00e9 die haar vader ons voor ons huwelijk cadeau had gedaan. Het resultaat was precies waar ik op had gerekend, alleen had ik er niet op gerekend dat zij onderweg zou stoppen om de buurvrouw en het zoontje van de buurvrouw een lift te geven, de heuvel af en de stad in. De remmen begaven het en de auto schoot dwars door de bosjes rondom het stadsplein en ging steeds harder rijden.<\/p>\n<p><span style=\"color: #ffcc99;\"><i>1408<\/i><\/span><br \/>\nMike Enslin bevond zich nog in de draaideur toen hij Olin, de manager van Hotel Dolphin, in een van de fauteuils in de hal zag zitten. Mike schrok. <i>Misschien had ik toch de advocaat moeten meenemen,<\/i> dacht hij. Nou ja, nu was het te laat. En zelfs als Olin had besloten enkele barri\u00e8res tussen Mike en kamer 1408 op te werpen, was dat niet zo erg: er stond het een en ander tegenover. Zodra Mike uit de draaideur kwam, liep Olin met een uitgestoken dikke hand door de hal.<\/p>\n<p><span style=\"color: #ffcc99;\"><i>De satanskinderen<em> &#8211; Children of the corn<\/em><\/i><\/span><br \/>\nBurt en Vicky Robeson rijden van Boston naar Californi\u00eb, in een soort van wanhoopspoging om hun huwelijk te redden. Terwijl ze langs de verlaten velden van Nebraska rijden, beginnen ze ruzie te maken. Burt raakt in de war en overrijdt een jongen. Als ze het lijk onderzoeken, bemerken ze dat de keel van de jongen is overgesneden. Ze rijden naar het dorpje Gatlin, om de dood te melden, maar het dorpje blijkt verlaten. Burt vindt enkele aanwijzingen en zonder het te beseffen raken ze verstrikt in een web van waanzin.<\/p>\n<p><span style=\"color: #ffcc99;\"><i>De mangel &#8211; The Mangler:<\/i><\/span><br \/>\nEen op hol geslagen wasmachine zaait dood en verderf in een wasserij. Politieman John Hunton wil er het fijne van weten, en ontdekt dat de problemen begonnen zijn toen een jonge maagd haar hand sneed aan de machine. Samen met een Engelse professor, die ge\u00efnteresseerd is in het bovennatuurlijke, komt hij tot de ontdekking dat de machine beheerst moet worden door \u00e9\u00e9n of andere demon. Hun exorcisme mislukt; ze worden beiden vermoord en dan weet de machine zich uit de draden los te wrikken en gaat de straat op, zoekend naar nieuwe prooien.<\/p>\n<p><em><span style=\"color: #ffcc99;\">Lage mannen in gele jassen &#8211; Low man in yellow coats<br \/>\n<\/span><\/em>Lage mannen in gele jassen en De nacht daalt met hemelse tinten neer zijn samen verfilmd als Hearts in Atlantis. Alle verhalen zijn voor Amerika ook op audio opgenomen onder de naam The man in the dark suit.<\/p>\n<hr \/>\n<p><a id=\"nominaties\"><\/a><strong>Overige informatie:<\/strong><br \/>\n&#8211;<\/p>\n<p><strong>Nominaties:<br \/>\n<\/strong>&#8211;<\/p>\n<p><strong>Verfilmd:<br \/>\n<\/strong>\u2022 <a href=\"http:\/\/www.stephenking.nl\/skfnieuw\/films\/film-overzicht\/film-childrenofthecorn\/\"><em>Children of the corn<\/em><\/a><br \/>\n<em>\u2022 <a href=\"http:\/\/www.stephenking.nl\/skfnieuw\/films\/film-overzicht\/film-shawshankredemption\/\">The Shawshank redemption<\/a><br \/>\n\u2022 <a href=\"http:\/\/www.stephenking.nl\/skfnieuw\/films\/film-overzicht\/film-mangler\/\">The mangler<\/a><br \/>\n\u2022<a href=\"http:\/\/www.stephenking.nl\/skfnieuw\/films\/film-overzicht\/film-heartsinatlantis\/\"> Hearts in Atlantis<\/a><br \/>\n\u2022 <a href=\"http:\/\/www.stephenking.nl\/skfnieuw\/films\/film-overzicht\/film-1408\/\">1408<\/a><\/em><\/p>\n<p>&nbsp;<\/p>\n","protected":false},"excerpt":{"rendered":"<p>In King Goes to the Movies werpt Stephen King een nieuw licht op zijn vijf favoriete verfilmingen: The Shawshank redemption (De ontsnapping), 1408, Children of the Corn (Satanskinderen), The Mangler (De mangel) en Hearts in Atlantis (Harten in\u00a0 Atlantis).\u00a0 Kings<\/p>\n","protected":false},"author":1,"featured_media":0,"parent":4080,"menu_order":0,"comment_status":"closed","ping_status":"closed","template":"","meta":{"footnotes":""},"class_list":["post-35598","page","type-page","status-publish","hentry"],"_links":{"self":[{"href":"https:\/\/www.stephenking.nl\/skfnieuw\/wp-json\/wp\/v2\/pages\/35598","targetHints":{"allow":["GET"]}}],"collection":[{"href":"https:\/\/www.stephenking.nl\/skfnieuw\/wp-json\/wp\/v2\/pages"}],"about":[{"href":"https:\/\/www.stephenking.nl\/skfnieuw\/wp-json\/wp\/v2\/types\/page"}],"author":[{"embeddable":true,"href":"https:\/\/www.stephenking.nl\/skfnieuw\/wp-json\/wp\/v2\/users\/1"}],"replies":[{"embeddable":true,"href":"https:\/\/www.stephenking.nl\/skfnieuw\/wp-json\/wp\/v2\/comments?post=35598"}],"version-history":[{"count":10,"href":"https:\/\/www.stephenking.nl\/skfnieuw\/wp-json\/wp\/v2\/pages\/35598\/revisions"}],"predecessor-version":[{"id":37921,"href":"https:\/\/www.stephenking.nl\/skfnieuw\/wp-json\/wp\/v2\/pages\/35598\/revisions\/37921"}],"up":[{"embeddable":true,"href":"https:\/\/www.stephenking.nl\/skfnieuw\/wp-json\/wp\/v2\/pages\/4080"}],"wp:attachment":[{"href":"https:\/\/www.stephenking.nl\/skfnieuw\/wp-json\/wp\/v2\/media?parent=35598"}],"curies":[{"name":"wp","href":"https:\/\/api.w.org\/{rel}","templated":true}]}}