{"id":46156,"date":"2024-12-09T14:16:17","date_gmt":"2024-12-09T14:16:17","guid":{"rendered":"https:\/\/www.stephenking.nl\/skfnieuw\/?page_id=46156"},"modified":"2024-12-09T15:29:19","modified_gmt":"2024-12-09T15:29:19","slug":"special-achtbaan-nederlandse-versies","status":"publish","type":"page","link":"https:\/\/www.stephenking.nl\/skfnieuw\/specials\/special-achtbaan-start\/special-achtbaan-nederlandse-versies\/","title":{"rendered":"Special | Achtbaan Nederlandse versies"},"content":{"rendered":"<p style=\"text-align: center;\"><a href=\"https:\/\/www.stephenking.nl\/skfnieuw\/specials\/special-achtbaan-start\/\">Start<\/a> | <a href=\"https:\/\/www.stephenking.nl\/skfnieuw\/specials\/special-achtbaan-start\/het-verhaal\/\">Het verhaal<\/a> | <a href=\"https:\/\/www.stephenking.nl\/skfnieuw\/specials\/special-achtbaan-start\/special-achtbaan-de-eerste-edities\/\">De eerste edities<\/a> | <a href=\"https:\/\/www.stephenking.nl\/skfnieuw\/specials\/special-achtbaan-start\/special-achtbaan-nederlandse-versies\/\">Nederlandse versies<\/a> | <a href=\"https:\/\/www.stephenking.nl\/skfnieuw\/specials\/special-achtbaan-start\/special-achtbaan-de-audio-versie\/\">De audioversie<\/a> | <a href=\"https:\/\/www.stephenking.nl\/skfnieuw\/specials\/special-achtbaan-start\/special-achtbaan-verfilming\/\">De verfilming<\/a> | <a href=\"https:\/\/www.stephenking.nl\/skfnieuw\/specials\/special-achtbaan-start\/special-achtbaan-advance-uncorrected-proof\/\">Advance uncorrected proof<\/a> | <a href=\"https:\/\/www.stephenking.nl\/skfnieuw\/specials\/special-achtbaan-start\/special-achtbaan-presentation-copies\/\">Presentation copies<\/a> | <a href=\"https:\/\/www.stephenking.nl\/skfnieuw\/specials\/special-achtbaan-start\/special-achtbaan-limited-editions\/\">Limited editions<\/a> | <a href=\"https:\/\/www.stephenking.nl\/skfnieuw\/specials\/special-achtbaan-start\/special-achtbaan-specials\/\">Specials<\/a><\/p>\n<h2 style=\"text-align: center;\">Nederlandse versies<\/h2>\n<p>De eerste Nederlandse publicatie is meteen ook een uniek exemplaar: de legendarische groene \u201cAchtbaan\u201d.<br \/>\nDit boekje is in december 2000 uitgebracht in een beperkte oplage van 1000 exemplaren, door Uitgeverij Luitingh-Sijthoff. Het was een speciaal in groen linnen uitgevoerd hardcover boekje met rode schutbladen en in reli\u00ebf gedrukte titel ter gelegenheid van de jaarwisseling 2000-2001. Deze uitgave was all\u00e9\u00e9n voor vrienden en relaties van de uitgeverij en was absoluut niet voor de handel bestemd. Het is een klein boekje van 12,0 cm. x 18,5 cm. en telt 96 bladzijden.<\/p>\n<p style=\"text-align: center;\"><a href=\"https:\/\/www.stephenking.nl\/skfnieuw\/wp-content\/uploads\/Picture41.jpg\"><img loading=\"lazy\" decoding=\"async\" class=\"alignnone wp-image-46228\" src=\"https:\/\/www.stephenking.nl\/skfnieuw\/wp-content\/uploads\/Picture41.jpg\" alt=\"\" width=\"165\" height=\"250\" \/><\/a><\/p>\n<p>Als pikant detail wordt bij het intro van dit boekje nog genoemd dat de oorspronkelijke Amerikaanse editie (op dat moment) uitsluitend als e-book verschenen was!<\/p>\n<p style=\"text-align: center;\">* * *<\/p>\n<p>Op 25 augustus 2001 verschijnt de eerste Nederlandse uitgave, bestemd voor de verkoop. Het boek is uitgevoerd in hardcover, eveneens met rode schutbladen en is vertaald door Hugo en Nienke Kuipers. Het is opnieuw een klein boekje van 12,0 cm. x 18,5 cm. en telt nu 95 bladzijden.<\/p>\n<p style=\"text-align: center;\"><a href=\"https:\/\/www.stephenking.nl\/skfnieuw\/wp-content\/uploads\/Picture42.jpg\"><img loading=\"lazy\" decoding=\"async\" class=\"alignnone wp-image-46227\" src=\"https:\/\/www.stephenking.nl\/skfnieuw\/wp-content\/uploads\/Picture42.jpg\" alt=\"\" width=\"164\" height=\"250\" \/><\/a> <a href=\"https:\/\/www.stephenking.nl\/skfnieuw\/wp-content\/uploads\/Picture43.jpg\"><img loading=\"lazy\" decoding=\"async\" class=\"alignnone wp-image-46226\" src=\"https:\/\/www.stephenking.nl\/skfnieuw\/wp-content\/uploads\/Picture43.jpg\" alt=\"\" width=\"165\" height=\"250\" \/><\/a><\/p>\n<p>Naast deze uitvoeringen bestaat er ook nog een speciale uitgave van de Grote Letter Bibliotheek B.V.<br \/>\nDie versie is uitgebracht in 2002 en is bestemd voor slechtzienden. Naast dit boek is er ook nog een gesproken versie beschikbaar voor mensen met een leesbeperking. Men moet dan wel beschikken over een speciale Daisy speler omdat het verhaal alleen op Daisy-rom verkrijgbaar is.<\/p>\n<p style=\"text-align: center;\"><a href=\"https:\/\/www.stephenking.nl\/skfnieuw\/wp-content\/uploads\/Picture44.jpg\"><img loading=\"lazy\" decoding=\"async\" class=\"alignnone wp-image-46225\" src=\"https:\/\/www.stephenking.nl\/skfnieuw\/wp-content\/uploads\/Picture44.jpg\" alt=\"\" width=\"186\" height=\"250\" \/><\/a> <a href=\"https:\/\/www.stephenking.nl\/skfnieuw\/wp-content\/uploads\/Picture45.jpg\"><img loading=\"lazy\" decoding=\"async\" class=\"alignnone wp-image-46224\" src=\"https:\/\/www.stephenking.nl\/skfnieuw\/wp-content\/uploads\/Picture45.jpg\" alt=\"\" width=\"184\" height=\"250\" \/><\/a><\/p>\n<p>Daarnaast is het verhaal ook verschenen in de verhalenbundel \u201cAlles is Eventueel\u201d, uitgebracht<br \/>\nin augustus 2002.<\/p>\n<p><a href=\"https:\/\/www.stephenking.nl\/skfnieuw\/wp-content\/uploads\/Picture46.png\"><img loading=\"lazy\" decoding=\"async\" class=\"aligncenter wp-image-46223\" src=\"https:\/\/www.stephenking.nl\/skfnieuw\/wp-content\/uploads\/Picture46.png\" alt=\"\" width=\"153\" height=\"250\" \/><\/a><\/p>\n<p>&nbsp;<\/p>\n<p>&nbsp;<\/p>\n","protected":false},"excerpt":{"rendered":"<p>Start | Het verhaal | De eerste edities | Nederlandse versies | De audioversie | De verfilming | Advance uncorrected proof | Presentation copies | Limited editions | Specials Nederlandse versies De eerste Nederlandse publicatie is meteen ook een uniek<\/p>\n","protected":false},"author":1,"featured_media":0,"parent":46144,"menu_order":0,"comment_status":"closed","ping_status":"closed","template":"","meta":{"footnotes":""},"class_list":["post-46156","page","type-page","status-publish","hentry"],"_links":{"self":[{"href":"https:\/\/www.stephenking.nl\/skfnieuw\/wp-json\/wp\/v2\/pages\/46156","targetHints":{"allow":["GET"]}}],"collection":[{"href":"https:\/\/www.stephenking.nl\/skfnieuw\/wp-json\/wp\/v2\/pages"}],"about":[{"href":"https:\/\/www.stephenking.nl\/skfnieuw\/wp-json\/wp\/v2\/types\/page"}],"author":[{"embeddable":true,"href":"https:\/\/www.stephenking.nl\/skfnieuw\/wp-json\/wp\/v2\/users\/1"}],"replies":[{"embeddable":true,"href":"https:\/\/www.stephenking.nl\/skfnieuw\/wp-json\/wp\/v2\/comments?post=46156"}],"version-history":[{"count":3,"href":"https:\/\/www.stephenking.nl\/skfnieuw\/wp-json\/wp\/v2\/pages\/46156\/revisions"}],"predecessor-version":[{"id":46229,"href":"https:\/\/www.stephenking.nl\/skfnieuw\/wp-json\/wp\/v2\/pages\/46156\/revisions\/46229"}],"up":[{"embeddable":true,"href":"https:\/\/www.stephenking.nl\/skfnieuw\/wp-json\/wp\/v2\/pages\/46144"}],"wp:attachment":[{"href":"https:\/\/www.stephenking.nl\/skfnieuw\/wp-json\/wp\/v2\/media?parent=46156"}],"curies":[{"name":"wp","href":"https:\/\/api.w.org\/{rel}","templated":true}]}}